{"id":1278,"date":"2023-10-04T02:24:40","date_gmt":"2023-10-04T02:24:40","guid":{"rendered":"https:\/\/staging7.renewalministries.net\/product\/fulfillment-of-all-desire-study-guide-spanish\/"},"modified":"2026-03-30T00:15:06","modified_gmt":"2026-03-30T04:15:06","slug":"fulfillment-of-all-desire-study-guide-spanish","status":"publish","type":"product","link":"https:\/\/www.renewalministries.net\/shop\/product\/fulfillment-of-all-desire-study-guide-spanish\/","title":{"rendered":"Fulfillment of All Desire Study Guide Spanish"},"content":{"rendered":"","protected":false},"excerpt":{"rendered":"<p>Esta gu\u00eda de estudio est\u00e1 dise\u00f1ada para profundizar su conocimiento, llevarlo a la oraci\u00f3n y fortalecer su relaci\u00f3n con Dios. Cada cap\u00edtulo incluye un breve resumen del material cubierto en el libro de Ralph Martin, preguntas para la comprensi\u00f3n y reflexi\u00f3n, informaci\u00f3n adicional y un \u00edndice de t\u00e9rminos clave. La gu\u00eda de estudio puede utilizarse para el estudio en grupo o la lectura independiente.<\/p>\n<p>This study guide is designed to deepen your knowledge, draw you into prayer, and strengthen your relationship with God. Each chapter includes a brief summary of material covered in Ralph Martin\u2019s book, questions for comprehension and reflection, further information, and an index of key terms. The study guide can be used for group study or independent reading.<\/p>\n<div id=\"gtx-trans\" style=\"position: absolute;left: 688px;top: 38px\">\n<div class=\"gtx-trans-icon\"><\/div>\n<\/div>\n","protected":false},"featured_media":1277,"comment_status":"open","ping_status":"closed","template":"","meta":{"_acf_changed":false},"product_brand":[],"product_cat":[15],"product_tag":[28],"class_list":{"0":"post-1278","1":"product","2":"type-product","3":"status-publish","4":"has-post-thumbnail","6":"product_cat-books","7":"product_tag-ralph-martin","9":"first","10":"instock","11":"taxable","12":"shipping-taxable","13":"purchasable","14":"product-type-simple"},"acf":[],"yoast_head":"<!-- This site is optimized with the Yoast SEO plugin v27.4 - https:\/\/yoast.com\/product\/yoast-seo-wordpress\/ -->\n<title>Fulfillment of All Desire Study Guide Spanish - Renewal Ministries<\/title>\n<meta name=\"description\" content=\"Fulfillment of All Desire Study - This study guide is designed to deepen your knowledge, draw you into prayer, and strengthen your relationship with God.\" \/>\n<meta name=\"robots\" content=\"index, follow, max-snippet:-1, max-image-preview:large, max-video-preview:-1\" \/>\n<link rel=\"canonical\" href=\"https:\/\/www.renewalministries.net\/shop\/product\/fulfillment-of-all-desire-study-guide-spanish\/\" \/>\n<meta property=\"og:locale\" content=\"en_US\" \/>\n<meta property=\"og:type\" content=\"article\" \/>\n<meta property=\"og:title\" content=\"Fulfillment of All Desire Study Guide Spanish - Renewal Ministries\" \/>\n<meta property=\"og:description\" content=\"Fulfillment of All Desire Study - This study guide is designed to deepen your knowledge, draw you into prayer, and strengthen your relationship with God.\" \/>\n<meta property=\"og:url\" content=\"https:\/\/www.renewalministries.net\/shop\/product\/fulfillment-of-all-desire-study-guide-spanish\/\" \/>\n<meta property=\"og:site_name\" content=\"Renewal Ministries\" \/>\n<meta property=\"article:modified_time\" content=\"2026-03-30T04:15:06+00:00\" \/>\n<meta property=\"og:image\" content=\"https:\/\/www.renewalministries.net\/shop\/wp-content\/uploads\/2023\/10\/FADGSP.jpg\" \/>\n\t<meta property=\"og:image:width\" content=\"1618\" \/>\n\t<meta property=\"og:image:height\" content=\"2395\" \/>\n\t<meta property=\"og:image:type\" content=\"image\/jpeg\" \/>\n<meta name=\"twitter:card\" content=\"summary_large_image\" \/>\n<meta name=\"twitter:label1\" content=\"Price\" \/>\n\t<meta name=\"twitter:data1\" content=\"&#036;13.00\" \/>\n\t<meta name=\"twitter:label2\" content=\"Availability\" \/>\n\t<meta name=\"twitter:data2\" content=\"In stock\" \/>\n<script type=\"application\/ld+json\" class=\"yoast-schema-graph\">{\"@context\":\"https:\\\/\\\/schema.org\",\"@graph\":[{\"@type\":\"WebPage\",\"@id\":\"https:\\\/\\\/www.renewalministries.net\\\/shop\\\/product\\\/fulfillment-of-all-desire-study-guide-spanish\\\/\",\"url\":\"https:\\\/\\\/www.renewalministries.net\\\/shop\\\/product\\\/fulfillment-of-all-desire-study-guide-spanish\\\/\",\"name\":\"Fulfillment of All Desire Study Guide Spanish - Renewal Ministries\",\"isPartOf\":{\"@id\":\"https:\\\/\\\/www.renewalministries.net\\\/shop\\\/#website\"},\"primaryImageOfPage\":{\"@id\":\"https:\\\/\\\/www.renewalministries.net\\\/shop\\\/product\\\/fulfillment-of-all-desire-study-guide-spanish\\\/#primaryimage\"},\"image\":{\"@id\":\"https:\\\/\\\/www.renewalministries.net\\\/shop\\\/product\\\/fulfillment-of-all-desire-study-guide-spanish\\\/#primaryimage\"},\"thumbnailUrl\":\"https:\\\/\\\/www.renewalministries.net\\\/shop\\\/wp-content\\\/uploads\\\/2023\\\/10\\\/FADGSP.jpg\",\"datePublished\":\"2023-10-04T02:24:40+00:00\",\"dateModified\":\"2026-03-30T04:15:06+00:00\",\"description\":\"Fulfillment of All Desire Study - This study guide is designed to deepen your knowledge, draw you into prayer, and strengthen your relationship with God.\",\"breadcrumb\":{\"@id\":\"https:\\\/\\\/www.renewalministries.net\\\/shop\\\/product\\\/fulfillment-of-all-desire-study-guide-spanish\\\/#breadcrumb\"},\"inLanguage\":\"en-US\",\"potentialAction\":[{\"@type\":\"ReadAction\",\"target\":[\"https:\\\/\\\/www.renewalministries.net\\\/shop\\\/product\\\/fulfillment-of-all-desire-study-guide-spanish\\\/\"]}]},{\"@type\":\"ImageObject\",\"inLanguage\":\"en-US\",\"@id\":\"https:\\\/\\\/www.renewalministries.net\\\/shop\\\/product\\\/fulfillment-of-all-desire-study-guide-spanish\\\/#primaryimage\",\"url\":\"https:\\\/\\\/www.renewalministries.net\\\/shop\\\/wp-content\\\/uploads\\\/2023\\\/10\\\/FADGSP.jpg\",\"contentUrl\":\"https:\\\/\\\/www.renewalministries.net\\\/shop\\\/wp-content\\\/uploads\\\/2023\\\/10\\\/FADGSP.jpg\",\"width\":1618,\"height\":2395},{\"@type\":\"BreadcrumbList\",\"@id\":\"https:\\\/\\\/www.renewalministries.net\\\/shop\\\/product\\\/fulfillment-of-all-desire-study-guide-spanish\\\/#breadcrumb\",\"itemListElement\":[{\"@type\":\"ListItem\",\"position\":1,\"name\":\"Home\",\"item\":\"https:\\\/\\\/www.renewalministries.net\\\/shop\\\/\"},{\"@type\":\"ListItem\",\"position\":2,\"name\":\"Shop\",\"item\":\"https:\\\/\\\/www.renewalministries.net\\\/shop\\\/shop\\\/\"},{\"@type\":\"ListItem\",\"position\":3,\"name\":\"Fulfillment of All Desire Study Guide Spanish\"}]},{\"@type\":\"WebSite\",\"@id\":\"https:\\\/\\\/www.renewalministries.net\\\/shop\\\/#website\",\"url\":\"https:\\\/\\\/www.renewalministries.net\\\/shop\\\/\",\"name\":\"Renewal Ministries\",\"description\":\"\",\"publisher\":{\"@id\":\"https:\\\/\\\/www.renewalministries.net\\\/shop\\\/#organization\"},\"potentialAction\":[{\"@type\":\"SearchAction\",\"target\":{\"@type\":\"EntryPoint\",\"urlTemplate\":\"https:\\\/\\\/www.renewalministries.net\\\/shop\\\/?s={search_term_string}\"},\"query-input\":{\"@type\":\"PropertyValueSpecification\",\"valueRequired\":true,\"valueName\":\"search_term_string\"}}],\"inLanguage\":\"en-US\"},{\"@type\":\"Organization\",\"@id\":\"https:\\\/\\\/www.renewalministries.net\\\/shop\\\/#organization\",\"name\":\"Renewal Ministries\",\"url\":\"https:\\\/\\\/www.renewalministries.net\\\/shop\\\/\",\"logo\":{\"@type\":\"ImageObject\",\"inLanguage\":\"en-US\",\"@id\":\"https:\\\/\\\/www.renewalministries.net\\\/shop\\\/#\\\/schema\\\/logo\\\/image\\\/\",\"url\":\"https:\\\/\\\/www.renewalministries.net\\\/shop\\\/wp-content\\\/uploads\\\/2023\\\/08\\\/renewal-ministries-logo-2.png\",\"contentUrl\":\"https:\\\/\\\/www.renewalministries.net\\\/shop\\\/wp-content\\\/uploads\\\/2023\\\/08\\\/renewal-ministries-logo-2.png\",\"width\":375,\"height\":88,\"caption\":\"Renewal Ministries\"},\"image\":{\"@id\":\"https:\\\/\\\/www.renewalministries.net\\\/shop\\\/#\\\/schema\\\/logo\\\/image\\\/\"}}]}<\/script>\n<meta property=\"product:price:amount\" content=\"13.00\" \/>\n<meta property=\"product:price:currency\" content=\"USD\" \/>\n<meta property=\"og:availability\" content=\"instock\" \/>\n<meta property=\"product:availability\" content=\"instock\" \/>\n<meta property=\"product:retailer_item_id\" content=\"FADGSP\" \/>\n<meta property=\"product:condition\" content=\"new\" \/>\n<!-- \/ Yoast SEO plugin. -->","yoast_head_json":{"title":"Fulfillment of All Desire Study Guide Spanish - Renewal Ministries","description":"Fulfillment of All Desire Study - This study guide is designed to deepen your knowledge, draw you into prayer, and strengthen your relationship with God.","robots":{"index":"index","follow":"follow","max-snippet":"max-snippet:-1","max-image-preview":"max-image-preview:large","max-video-preview":"max-video-preview:-1"},"canonical":"https:\/\/www.renewalministries.net\/shop\/product\/fulfillment-of-all-desire-study-guide-spanish\/","og_locale":"en_US","og_type":"article","og_title":"Fulfillment of All Desire Study Guide Spanish - Renewal Ministries","og_description":"Fulfillment of All Desire Study - This study guide is designed to deepen your knowledge, draw you into prayer, and strengthen your relationship with God.","og_url":"https:\/\/www.renewalministries.net\/shop\/product\/fulfillment-of-all-desire-study-guide-spanish\/","og_site_name":"Renewal Ministries","article_modified_time":"2026-03-30T04:15:06+00:00","og_image":[{"width":1618,"height":2395,"url":"https:\/\/www.renewalministries.net\/shop\/wp-content\/uploads\/2023\/10\/FADGSP.jpg","type":"image\/jpeg"}],"twitter_card":"summary_large_image","twitter_misc":{"Price":"&#36;13.00","Availability":"In stock"},"schema":{"@context":"https:\/\/schema.org","@graph":[{"@type":"WebPage","@id":"https:\/\/www.renewalministries.net\/shop\/product\/fulfillment-of-all-desire-study-guide-spanish\/","url":"https:\/\/www.renewalministries.net\/shop\/product\/fulfillment-of-all-desire-study-guide-spanish\/","name":"Fulfillment of All Desire Study Guide Spanish - Renewal Ministries","isPartOf":{"@id":"https:\/\/www.renewalministries.net\/shop\/#website"},"primaryImageOfPage":{"@id":"https:\/\/www.renewalministries.net\/shop\/product\/fulfillment-of-all-desire-study-guide-spanish\/#primaryimage"},"image":{"@id":"https:\/\/www.renewalministries.net\/shop\/product\/fulfillment-of-all-desire-study-guide-spanish\/#primaryimage"},"thumbnailUrl":"https:\/\/www.renewalministries.net\/shop\/wp-content\/uploads\/2023\/10\/FADGSP.jpg","datePublished":"2023-10-04T02:24:40+00:00","dateModified":"2026-03-30T04:15:06+00:00","description":"Fulfillment of All Desire Study - This study guide is designed to deepen your knowledge, draw you into prayer, and strengthen your relationship with God.","breadcrumb":{"@id":"https:\/\/www.renewalministries.net\/shop\/product\/fulfillment-of-all-desire-study-guide-spanish\/#breadcrumb"},"inLanguage":"en-US","potentialAction":[{"@type":"ReadAction","target":["https:\/\/www.renewalministries.net\/shop\/product\/fulfillment-of-all-desire-study-guide-spanish\/"]}]},{"@type":"ImageObject","inLanguage":"en-US","@id":"https:\/\/www.renewalministries.net\/shop\/product\/fulfillment-of-all-desire-study-guide-spanish\/#primaryimage","url":"https:\/\/www.renewalministries.net\/shop\/wp-content\/uploads\/2023\/10\/FADGSP.jpg","contentUrl":"https:\/\/www.renewalministries.net\/shop\/wp-content\/uploads\/2023\/10\/FADGSP.jpg","width":1618,"height":2395},{"@type":"BreadcrumbList","@id":"https:\/\/www.renewalministries.net\/shop\/product\/fulfillment-of-all-desire-study-guide-spanish\/#breadcrumb","itemListElement":[{"@type":"ListItem","position":1,"name":"Home","item":"https:\/\/www.renewalministries.net\/shop\/"},{"@type":"ListItem","position":2,"name":"Shop","item":"https:\/\/www.renewalministries.net\/shop\/shop\/"},{"@type":"ListItem","position":3,"name":"Fulfillment of All Desire Study Guide Spanish"}]},{"@type":"WebSite","@id":"https:\/\/www.renewalministries.net\/shop\/#website","url":"https:\/\/www.renewalministries.net\/shop\/","name":"Renewal Ministries","description":"","publisher":{"@id":"https:\/\/www.renewalministries.net\/shop\/#organization"},"potentialAction":[{"@type":"SearchAction","target":{"@type":"EntryPoint","urlTemplate":"https:\/\/www.renewalministries.net\/shop\/?s={search_term_string}"},"query-input":{"@type":"PropertyValueSpecification","valueRequired":true,"valueName":"search_term_string"}}],"inLanguage":"en-US"},{"@type":"Organization","@id":"https:\/\/www.renewalministries.net\/shop\/#organization","name":"Renewal Ministries","url":"https:\/\/www.renewalministries.net\/shop\/","logo":{"@type":"ImageObject","inLanguage":"en-US","@id":"https:\/\/www.renewalministries.net\/shop\/#\/schema\/logo\/image\/","url":"https:\/\/www.renewalministries.net\/shop\/wp-content\/uploads\/2023\/08\/renewal-ministries-logo-2.png","contentUrl":"https:\/\/www.renewalministries.net\/shop\/wp-content\/uploads\/2023\/08\/renewal-ministries-logo-2.png","width":375,"height":88,"caption":"Renewal Ministries"},"image":{"@id":"https:\/\/www.renewalministries.net\/shop\/#\/schema\/logo\/image\/"}}]},"product_price_amount":"13.00","product_price_currency":"USD","og_availability":"instock","product_availability":"instock","product_retailer_item_id":"FADGSP","product_condition":"new"},"_links":{"self":[{"href":"https:\/\/www.renewalministries.net\/shop\/wp-json\/wp\/v2\/product\/1278","targetHints":{"allow":["GET"]}}],"collection":[{"href":"https:\/\/www.renewalministries.net\/shop\/wp-json\/wp\/v2\/product"}],"about":[{"href":"https:\/\/www.renewalministries.net\/shop\/wp-json\/wp\/v2\/types\/product"}],"replies":[{"embeddable":true,"href":"https:\/\/www.renewalministries.net\/shop\/wp-json\/wp\/v2\/comments?post=1278"}],"wp:featuredmedia":[{"embeddable":true,"href":"https:\/\/www.renewalministries.net\/shop\/wp-json\/wp\/v2\/media\/1277"}],"wp:attachment":[{"href":"https:\/\/www.renewalministries.net\/shop\/wp-json\/wp\/v2\/media?parent=1278"}],"wp:term":[{"taxonomy":"product_brand","embeddable":true,"href":"https:\/\/www.renewalministries.net\/shop\/wp-json\/wp\/v2\/product_brand?post=1278"},{"taxonomy":"product_cat","embeddable":true,"href":"https:\/\/www.renewalministries.net\/shop\/wp-json\/wp\/v2\/product_cat?post=1278"},{"taxonomy":"product_tag","embeddable":true,"href":"https:\/\/www.renewalministries.net\/shop\/wp-json\/wp\/v2\/product_tag?post=1278"}],"curies":[{"name":"wp","href":"https:\/\/api.w.org\/{rel}","templated":true}]}}