{"id":1332,"date":"2023-10-04T02:25:00","date_gmt":"2023-10-04T02:25:00","guid":{"rendered":"https:\/\/staging7.renewalministries.net\/product\/surrendered-to-love-the-wisdom-of-st-therese-of-lisieux\/"},"modified":"2026-01-13T12:32:21","modified_gmt":"2026-01-13T17:32:21","slug":"surrendered-to-love-the-wisdom-of-st-therese-of-lisieux","status":"publish","type":"product","link":"https:\/\/www.renewalministries.net\/shop\/product\/surrendered-to-love-the-wisdom-of-st-therese-of-lisieux\/","title":{"rendered":"Surrendered to Love:  The Wisdom of St. Therese of Lisieux"},"content":{"rendered":"","protected":false},"excerpt":{"rendered":"<p>In these four full-length talks, Ralph Martin guides us through the inspiring writings of Th\u00e9r\u00e8se of Lisieux. Although she died at the age of twenty-four in an obscure Carmelite convent in France, Th\u00e9r\u00e8se nevertheless had a worldwide impact on millions of people, which continues to unfold in our day. Th\u00e9r\u00e8se is proving to be one of the most inspiring and practically helpful saints in the history of the Church.<\/p>\n","protected":false},"featured_media":6477,"comment_status":"open","ping_status":"closed","template":"","meta":{"_acf_changed":false},"product_brand":[],"product_cat":[33,32,34],"product_tag":[28],"class_list":{"0":"post-1332","1":"product","2":"type-product","3":"status-publish","4":"has-post-thumbnail","6":"product_cat-cd","7":"product_cat-mp3","8":"product_cat-usb-c","9":"product_tag-ralph-martin","11":"first","12":"instock","13":"taxable","14":"shipping-taxable","15":"purchasable","16":"product-type-variable"},"acf":[],"yoast_head":"<!-- This site is optimized with the Yoast SEO plugin v27.6 - https:\/\/yoast.com\/product\/yoast-seo-wordpress\/ -->\n<title>Surrendered to Love: The Wisdom of St. Therese of Lisieux - Renewal Ministries<\/title>\n<meta name=\"description\" content=\"Surrendered to Love - Ralph Martin guides us through the inspiring writings of Th\u00e9r\u00e8se of Lisieux. Learn more on our website.\" \/>\n<meta name=\"robots\" content=\"index, follow, max-snippet:-1, max-image-preview:large, max-video-preview:-1\" \/>\n<link rel=\"canonical\" href=\"https:\/\/www.renewalministries.net\/shop\/product\/surrendered-to-love-the-wisdom-of-st-therese-of-lisieux\/\" \/>\n<meta property=\"og:locale\" content=\"en_US\" \/>\n<meta property=\"og:type\" content=\"article\" \/>\n<meta property=\"og:title\" content=\"Surrendered to Love: The Wisdom of St. Therese of Lisieux - Renewal Ministries\" \/>\n<meta property=\"og:description\" content=\"Surrendered to Love - Ralph Martin guides us through the inspiring writings of Th\u00e9r\u00e8se of Lisieux. Learn more on our website.\" \/>\n<meta property=\"og:url\" content=\"https:\/\/www.renewalministries.net\/shop\/product\/surrendered-to-love-the-wisdom-of-st-therese-of-lisieux\/\" \/>\n<meta property=\"og:site_name\" content=\"Renewal Ministries\" \/>\n<meta property=\"article:modified_time\" content=\"2026-01-13T17:32:21+00:00\" \/>\n<meta property=\"og:image\" content=\"https:\/\/www.renewalministries.net\/shop\/wp-content\/uploads\/2024\/08\/TLD-1024x978.jpg\" \/>\n\t<meta property=\"og:image:width\" content=\"1024\" \/>\n\t<meta property=\"og:image:height\" content=\"978\" \/>\n\t<meta property=\"og:image:type\" content=\"image\/jpeg\" \/>\n<meta name=\"twitter:card\" content=\"summary_large_image\" \/>\n<meta name=\"twitter:label1\" content=\"Availability\" \/>\n\t<meta name=\"twitter:data1\" content=\"In stock\" \/>\n<script type=\"application\/ld+json\" class=\"yoast-schema-graph\">{\"@context\":\"https:\\\/\\\/schema.org\",\"@graph\":[{\"@type\":\"WebPage\",\"@id\":\"https:\\\/\\\/www.renewalministries.net\\\/shop\\\/product\\\/surrendered-to-love-the-wisdom-of-st-therese-of-lisieux\\\/\",\"url\":\"https:\\\/\\\/www.renewalministries.net\\\/shop\\\/product\\\/surrendered-to-love-the-wisdom-of-st-therese-of-lisieux\\\/\",\"name\":\"Surrendered to Love: The Wisdom of St. Therese of Lisieux - Renewal Ministries\",\"isPartOf\":{\"@id\":\"https:\\\/\\\/www.renewalministries.net\\\/shop\\\/#website\"},\"primaryImageOfPage\":{\"@id\":\"https:\\\/\\\/www.renewalministries.net\\\/shop\\\/product\\\/surrendered-to-love-the-wisdom-of-st-therese-of-lisieux\\\/#primaryimage\"},\"image\":{\"@id\":\"https:\\\/\\\/www.renewalministries.net\\\/shop\\\/product\\\/surrendered-to-love-the-wisdom-of-st-therese-of-lisieux\\\/#primaryimage\"},\"thumbnailUrl\":\"https:\\\/\\\/www.renewalministries.net\\\/shop\\\/wp-content\\\/uploads\\\/2024\\\/08\\\/TLD.jpg\",\"datePublished\":\"2023-10-04T02:25:00+00:00\",\"dateModified\":\"2026-01-13T17:32:21+00:00\",\"description\":\"Surrendered to Love - Ralph Martin guides us through the inspiring writings of Th\u00e9r\u00e8se of Lisieux. Learn more on our website.\",\"breadcrumb\":{\"@id\":\"https:\\\/\\\/www.renewalministries.net\\\/shop\\\/product\\\/surrendered-to-love-the-wisdom-of-st-therese-of-lisieux\\\/#breadcrumb\"},\"inLanguage\":\"en-US\",\"potentialAction\":[{\"@type\":\"ReadAction\",\"target\":[\"https:\\\/\\\/www.renewalministries.net\\\/shop\\\/product\\\/surrendered-to-love-the-wisdom-of-st-therese-of-lisieux\\\/\"]}]},{\"@type\":\"ImageObject\",\"inLanguage\":\"en-US\",\"@id\":\"https:\\\/\\\/www.renewalministries.net\\\/shop\\\/product\\\/surrendered-to-love-the-wisdom-of-st-therese-of-lisieux\\\/#primaryimage\",\"url\":\"https:\\\/\\\/www.renewalministries.net\\\/shop\\\/wp-content\\\/uploads\\\/2024\\\/08\\\/TLD.jpg\",\"contentUrl\":\"https:\\\/\\\/www.renewalministries.net\\\/shop\\\/wp-content\\\/uploads\\\/2024\\\/08\\\/TLD.jpg\",\"width\":1876,\"height\":1791},{\"@type\":\"BreadcrumbList\",\"@id\":\"https:\\\/\\\/www.renewalministries.net\\\/shop\\\/product\\\/surrendered-to-love-the-wisdom-of-st-therese-of-lisieux\\\/#breadcrumb\",\"itemListElement\":[{\"@type\":\"ListItem\",\"position\":1,\"name\":\"Home\",\"item\":\"https:\\\/\\\/www.renewalministries.net\\\/shop\\\/\"},{\"@type\":\"ListItem\",\"position\":2,\"name\":\"Shop\",\"item\":\"https:\\\/\\\/www.renewalministries.net\\\/shop\\\/shop\\\/\"},{\"@type\":\"ListItem\",\"position\":3,\"name\":\"Surrendered to Love: The Wisdom of St. Therese of Lisieux\"}]},{\"@type\":\"WebSite\",\"@id\":\"https:\\\/\\\/www.renewalministries.net\\\/shop\\\/#website\",\"url\":\"https:\\\/\\\/www.renewalministries.net\\\/shop\\\/\",\"name\":\"Renewal Ministries\",\"description\":\"\",\"publisher\":{\"@id\":\"https:\\\/\\\/www.renewalministries.net\\\/shop\\\/#organization\"},\"potentialAction\":[{\"@type\":\"SearchAction\",\"target\":{\"@type\":\"EntryPoint\",\"urlTemplate\":\"https:\\\/\\\/www.renewalministries.net\\\/shop\\\/?s={search_term_string}\"},\"query-input\":{\"@type\":\"PropertyValueSpecification\",\"valueRequired\":true,\"valueName\":\"search_term_string\"}}],\"inLanguage\":\"en-US\"},{\"@type\":\"Organization\",\"@id\":\"https:\\\/\\\/www.renewalministries.net\\\/shop\\\/#organization\",\"name\":\"Renewal Ministries\",\"url\":\"https:\\\/\\\/www.renewalministries.net\\\/shop\\\/\",\"logo\":{\"@type\":\"ImageObject\",\"inLanguage\":\"en-US\",\"@id\":\"https:\\\/\\\/www.renewalministries.net\\\/shop\\\/#\\\/schema\\\/logo\\\/image\\\/\",\"url\":\"https:\\\/\\\/www.renewalministries.net\\\/shop\\\/wp-content\\\/uploads\\\/2023\\\/08\\\/renewal-ministries-logo-2.png\",\"contentUrl\":\"https:\\\/\\\/www.renewalministries.net\\\/shop\\\/wp-content\\\/uploads\\\/2023\\\/08\\\/renewal-ministries-logo-2.png\",\"width\":375,\"height\":88,\"caption\":\"Renewal Ministries\"},\"image\":{\"@id\":\"https:\\\/\\\/www.renewalministries.net\\\/shop\\\/#\\\/schema\\\/logo\\\/image\\\/\"}}]}<\/script>\n<meta property=\"og:availability\" content=\"instock\" \/>\n<meta property=\"product:availability\" content=\"instock\" \/>\n<meta property=\"product:condition\" content=\"new\" \/>\n<!-- \/ Yoast SEO plugin. -->","yoast_head_json":{"title":"Surrendered to Love: The Wisdom of St. Therese of Lisieux - Renewal Ministries","description":"Surrendered to Love - Ralph Martin guides us through the inspiring writings of Th\u00e9r\u00e8se of Lisieux. Learn more on our website.","robots":{"index":"index","follow":"follow","max-snippet":"max-snippet:-1","max-image-preview":"max-image-preview:large","max-video-preview":"max-video-preview:-1"},"canonical":"https:\/\/www.renewalministries.net\/shop\/product\/surrendered-to-love-the-wisdom-of-st-therese-of-lisieux\/","og_locale":"en_US","og_type":"article","og_title":"Surrendered to Love: The Wisdom of St. Therese of Lisieux - Renewal Ministries","og_description":"Surrendered to Love - Ralph Martin guides us through the inspiring writings of Th\u00e9r\u00e8se of Lisieux. Learn more on our website.","og_url":"https:\/\/www.renewalministries.net\/shop\/product\/surrendered-to-love-the-wisdom-of-st-therese-of-lisieux\/","og_site_name":"Renewal Ministries","article_modified_time":"2026-01-13T17:32:21+00:00","og_image":[{"width":1024,"height":978,"url":"https:\/\/www.renewalministries.net\/shop\/wp-content\/uploads\/2024\/08\/TLD-1024x978.jpg","type":"image\/jpeg"}],"twitter_card":"summary_large_image","twitter_misc":{"Availability":"In stock"},"schema":{"@context":"https:\/\/schema.org","@graph":[{"@type":"WebPage","@id":"https:\/\/www.renewalministries.net\/shop\/product\/surrendered-to-love-the-wisdom-of-st-therese-of-lisieux\/","url":"https:\/\/www.renewalministries.net\/shop\/product\/surrendered-to-love-the-wisdom-of-st-therese-of-lisieux\/","name":"Surrendered to Love: The Wisdom of St. Therese of Lisieux - Renewal Ministries","isPartOf":{"@id":"https:\/\/www.renewalministries.net\/shop\/#website"},"primaryImageOfPage":{"@id":"https:\/\/www.renewalministries.net\/shop\/product\/surrendered-to-love-the-wisdom-of-st-therese-of-lisieux\/#primaryimage"},"image":{"@id":"https:\/\/www.renewalministries.net\/shop\/product\/surrendered-to-love-the-wisdom-of-st-therese-of-lisieux\/#primaryimage"},"thumbnailUrl":"https:\/\/www.renewalministries.net\/shop\/wp-content\/uploads\/2024\/08\/TLD.jpg","datePublished":"2023-10-04T02:25:00+00:00","dateModified":"2026-01-13T17:32:21+00:00","description":"Surrendered to Love - Ralph Martin guides us through the inspiring writings of Th\u00e9r\u00e8se of Lisieux. Learn more on our website.","breadcrumb":{"@id":"https:\/\/www.renewalministries.net\/shop\/product\/surrendered-to-love-the-wisdom-of-st-therese-of-lisieux\/#breadcrumb"},"inLanguage":"en-US","potentialAction":[{"@type":"ReadAction","target":["https:\/\/www.renewalministries.net\/shop\/product\/surrendered-to-love-the-wisdom-of-st-therese-of-lisieux\/"]}]},{"@type":"ImageObject","inLanguage":"en-US","@id":"https:\/\/www.renewalministries.net\/shop\/product\/surrendered-to-love-the-wisdom-of-st-therese-of-lisieux\/#primaryimage","url":"https:\/\/www.renewalministries.net\/shop\/wp-content\/uploads\/2024\/08\/TLD.jpg","contentUrl":"https:\/\/www.renewalministries.net\/shop\/wp-content\/uploads\/2024\/08\/TLD.jpg","width":1876,"height":1791},{"@type":"BreadcrumbList","@id":"https:\/\/www.renewalministries.net\/shop\/product\/surrendered-to-love-the-wisdom-of-st-therese-of-lisieux\/#breadcrumb","itemListElement":[{"@type":"ListItem","position":1,"name":"Home","item":"https:\/\/www.renewalministries.net\/shop\/"},{"@type":"ListItem","position":2,"name":"Shop","item":"https:\/\/www.renewalministries.net\/shop\/shop\/"},{"@type":"ListItem","position":3,"name":"Surrendered to Love: The Wisdom of St. Therese of Lisieux"}]},{"@type":"WebSite","@id":"https:\/\/www.renewalministries.net\/shop\/#website","url":"https:\/\/www.renewalministries.net\/shop\/","name":"Renewal Ministries","description":"","publisher":{"@id":"https:\/\/www.renewalministries.net\/shop\/#organization"},"potentialAction":[{"@type":"SearchAction","target":{"@type":"EntryPoint","urlTemplate":"https:\/\/www.renewalministries.net\/shop\/?s={search_term_string}"},"query-input":{"@type":"PropertyValueSpecification","valueRequired":true,"valueName":"search_term_string"}}],"inLanguage":"en-US"},{"@type":"Organization","@id":"https:\/\/www.renewalministries.net\/shop\/#organization","name":"Renewal Ministries","url":"https:\/\/www.renewalministries.net\/shop\/","logo":{"@type":"ImageObject","inLanguage":"en-US","@id":"https:\/\/www.renewalministries.net\/shop\/#\/schema\/logo\/image\/","url":"https:\/\/www.renewalministries.net\/shop\/wp-content\/uploads\/2023\/08\/renewal-ministries-logo-2.png","contentUrl":"https:\/\/www.renewalministries.net\/shop\/wp-content\/uploads\/2023\/08\/renewal-ministries-logo-2.png","width":375,"height":88,"caption":"Renewal Ministries"},"image":{"@id":"https:\/\/www.renewalministries.net\/shop\/#\/schema\/logo\/image\/"}}]},"og_availability":"instock","product_availability":"instock","product_condition":"new"},"_links":{"self":[{"href":"https:\/\/www.renewalministries.net\/shop\/wp-json\/wp\/v2\/product\/1332","targetHints":{"allow":["GET"]}}],"collection":[{"href":"https:\/\/www.renewalministries.net\/shop\/wp-json\/wp\/v2\/product"}],"about":[{"href":"https:\/\/www.renewalministries.net\/shop\/wp-json\/wp\/v2\/types\/product"}],"replies":[{"embeddable":true,"href":"https:\/\/www.renewalministries.net\/shop\/wp-json\/wp\/v2\/comments?post=1332"}],"wp:featuredmedia":[{"embeddable":true,"href":"https:\/\/www.renewalministries.net\/shop\/wp-json\/wp\/v2\/media\/6477"}],"wp:attachment":[{"href":"https:\/\/www.renewalministries.net\/shop\/wp-json\/wp\/v2\/media?parent=1332"}],"wp:term":[{"taxonomy":"product_brand","embeddable":true,"href":"https:\/\/www.renewalministries.net\/shop\/wp-json\/wp\/v2\/product_brand?post=1332"},{"taxonomy":"product_cat","embeddable":true,"href":"https:\/\/www.renewalministries.net\/shop\/wp-json\/wp\/v2\/product_cat?post=1332"},{"taxonomy":"product_tag","embeddable":true,"href":"https:\/\/www.renewalministries.net\/shop\/wp-json\/wp\/v2\/product_tag?post=1332"}],"curies":[{"name":"wp","href":"https:\/\/api.w.org\/{rel}","templated":true}]}}